{"id":2374,"date":"2013-09-19T00:05:26","date_gmt":"2013-09-18T22:05:26","guid":{"rendered":"http:\/\/jhcakes.com\/shop\/?page_id=2374"},"modified":"2021-08-19T22:43:45","modified_gmt":"2021-08-19T20:43:45","slug":"rolunk","status":"publish","type":"page","link":"https:\/\/jhcakes.com\/shop\/rolunk\/","title":{"rendered":"R\u00f3lunk"},"content":{"rendered":"<p>Sok szeretettel k\u00f6sz\u00f6nt\u00fcnk a <strong><span style=\"color: #ec008c;\">Judit Hellebrandt Cake Company<\/span> <\/strong>weblapj\u00e1n!<\/p>\n<p>Webshopunk torta \u00e9s s\u00fctem\u00e9ny dekor\u00e1l\u00f3, valamint cukorvir\u00e1g k\u00e9sz\u00edt\u0151 eszk\u00f6z\u00f6k \u00e1rus\u00edt\u00e1s\u00e1val foglalkozik.<br \/>C\u00e9lunk, hogy n\u00e1lunk megtal\u00e1lj minden olyan eszk\u00f6zt, amelyre munk\u00e1d, hobbyd t\u00e1rgy\u00e1nak sikeres elk\u00e9sz\u00edt\u00e9s\u00e9hez sz\u00fcks\u00e9ged van.<\/p>\n<p>A Judit Hellebrandt Cake Company \u00e1ruk\u00e9szlete professzion\u00e1lis \u00e9s hobby dekorat\u0151r ig\u00e9nyeket egyar\u00e1nt kiel\u00e9g\u00edti.<br \/>\u00c1ruk\u00e9szlet\u00fcnket az ig\u00e9nyeknek megfelel\u0151en folyamatosan b\u0151v\u00edtj\u00fck, ez\u00e9rt \u00e9rdemes hozz\u00e1nk gyakran visszal\u00e1togatni!<\/p>\n<p>B\u00fcszk\u00e9k vagyunk nemzetk\u00f6zi szint\u0171 eszk\u00f6zismeret\u00fcnkre, amelyet minden \u00e9vben nemzetk\u00f6zi exp\u00f3k l\u00e1togat\u00e1s\u00e1val, gy\u00e1rt\u00f3kkal \u00e9s forgalmaz\u00f3kkal val\u00f3 szem\u00e9lyes kapcsolattart\u00e1ssal \u00e9s term\u00e9szetesen, az eszk\u00f6z\u00f6k st\u00fadi\u00f3nkban t\u00f6rt\u00e9n\u0151 haszn\u00e1lat\u00e1val folyamatosan b\u0151v\u00edt\u00fcnk.<\/p>\n<p>Amennyiben n\u00e1lunk v\u00e1s\u00e1rolsz, biztos lehetsz abban, hogy nem csak j\u00f3 min\u0151s\u00e9g\u0171 eszk\u00f6z\u00f6kkel b\u0151v\u00edted eszk\u00f6zt\u00e1radat, de t\u0151l\u00fcnk magas szint\u0171 gyakorlati tud\u00e1son alapul\u00f3 v\u00e1laszt kaphatsz minden torta dekor\u00e1l\u00f3 eszk\u00f6zzel kapcsolatos k\u00e9rd\u00e9sedre. Mind\u00f6ssze egy email-nyi t\u00e1vols\u00e1gra vagyunk, keress meg benn\u00fcnket!<\/p>\n<p>Ha tort\u00e1t, \u00e9dess\u00e9get szeretn\u00e9l k\u00e9sz\u00edteni \u00e9s dekor\u00e1lni, gondolj a <strong><span style=\"color: #ec008c;\">Judit Hellebrandt Cake Company Webshopra<\/span><\/strong>. Szeretettel v\u00e1runk!<\/p>\n<p><i>A Judit Hellebrandt Cake Company a Torta Iskola Kft. \u00e9gisze alatt m\u0171k\u00f6dik.\u00a0<\/i><\/p>\n\n<div id=\"themify_builder_content-2374\" data-postid=\"2374\" class=\"themify_builder_content themify_builder_content-2374 themify_builder\">\n    <\/div>\n","protected":false},"excerpt":{"rendered":"<p>Sok szeretettel k\u00f6sz\u00f6nt\u00fcnk a Judit Hellebrandt Cake Company weblapj\u00e1n! Webshopunk torta \u00e9s s\u00fctem\u00e9ny dekor\u00e1l\u00f3, valamint cukorvir\u00e1g k\u00e9sz\u00edt\u0151 eszk\u00f6z\u00f6k \u00e1rus\u00edt\u00e1s\u00e1val foglalkozik.C\u00e9lunk, hogy n\u00e1lunk megtal\u00e1lj minden olyan eszk\u00f6zt, amelyre munk\u00e1d, hobbyd t\u00e1rgy\u00e1nak sikeres elk\u00e9sz\u00edt\u00e9s\u00e9hez sz\u00fcks\u00e9ged van. A Judit Hellebrandt Cake Company \u00e1ruk\u00e9szlete professzion\u00e1lis \u00e9s hobby dekorat\u0151r ig\u00e9nyeket egyar\u00e1nt kiel\u00e9g\u00edti.\u00c1ruk\u00e9szlet\u00fcnket az ig\u00e9nyeknek megfelel\u0151en folyamatosan b\u0151v\u00edtj\u00fck, ez\u00e9rt \u00e9rdemes hozz\u00e1nk [&hellip;]<\/p>\n","protected":false},"author":1,"featured_media":0,"parent":0,"menu_order":0,"comment_status":"closed","ping_status":"closed","template":"","meta":[],"builder_content":"","_links":{"self":[{"href":"https:\/\/jhcakes.com\/shop\/wp-json\/wp\/v2\/pages\/2374"}],"collection":[{"href":"https:\/\/jhcakes.com\/shop\/wp-json\/wp\/v2\/pages"}],"about":[{"href":"https:\/\/jhcakes.com\/shop\/wp-json\/wp\/v2\/types\/page"}],"author":[{"embeddable":true,"href":"https:\/\/jhcakes.com\/shop\/wp-json\/wp\/v2\/users\/1"}],"replies":[{"embeddable":true,"href":"https:\/\/jhcakes.com\/shop\/wp-json\/wp\/v2\/comments?post=2374"}],"version-history":[{"count":2,"href":"https:\/\/jhcakes.com\/shop\/wp-json\/wp\/v2\/pages\/2374\/revisions"}],"predecessor-version":[{"id":22716,"href":"https:\/\/jhcakes.com\/shop\/wp-json\/wp\/v2\/pages\/2374\/revisions\/22716"}],"wp:attachment":[{"href":"https:\/\/jhcakes.com\/shop\/wp-json\/wp\/v2\/media?parent=2374"}],"curies":[{"name":"wp","href":"https:\/\/api.w.org\/{rel}","templated":true}]}}