{"id":146,"date":"2012-02-27T06:52:29","date_gmt":"2012-02-27T05:52:29","guid":{"rendered":"http:\/\/themify.me\/demo\/themes\/wp-content\/uploads\/image-placeholder.jpg"},"modified":"2018-02-20T14:08:15","modified_gmt":"2018-02-20T13:08:15","slug":"boltunk","status":"publish","type":"page","link":"https:\/\/jhcakes.com\/shop\/kapcsolat\/boltunk\/","title":{"rendered":"Boltunk megk\u00f6zel\u00edt\u00e9se"},"content":{"rendered":"<div class=\"shortcode col3-2 first\">\n\n\t\t\t<div class=\"shortcode map\">\n\t\t\t\t<div data-address=\"Kada utca 43. Budapest, Hungary\" data-zoom=\"15\" data-type=\"ROADMAP\" data-scroll=\"1\" data-drag=\"1\" id=\"themify_map_canvas_8314\" style=\"display: block;width:100%;height:600px;\" class=\"map-container themify_map\"><\/div>\n\t\t\t<\/div>\n<\/div>\n<div class=\"shortcode col3-1\">\n<h3>St\u00fadi\u00f3<\/h3>\n<p>Szem\u00e9lyes \u00e1ru\u00e1tv\u00e9tel alkalm\u00e1val st\u00fadi\u00f3nkban v\u00e1rjuk jelentkez\u00e9sedet. Ingyenes parkol\u00e1si lehet\u0151s\u00e9g van a st\u00fadi\u00f3t k\u00f6r\u00fclvev\u0151 utc\u00e1kban. A szem\u00e9lyes \u00e1rufelv\u00e9tellel kapcsolatos felt\u00e9telekr\u0151l <a href=\"https:\/\/jhcakes.com\/shop\/szallitas\/\" target=\"_blank\" rel=\"noopener\">ITT<\/a>\u00a0olvashatsz.<\/p>\n<h3>C\u00edm\u00fcnk<\/h3>\n<p>1103 Budapest<br \/>\nKada utca 43.<br \/>\n3. L. 2\/5.<\/p>\n<h3>\u00dcgyint\u00e9z\u00e9s Telefonon<\/h3>\n<p>Mobil:<br \/>\n+36 30 259 7757<\/p><h3><\/h3>\n<\/div>\n<div id=\"themify_builder_content-146\" data-postid=\"146\" class=\"themify_builder_content themify_builder_content-146 themify_builder\">\n    <\/div>\n<!-- \/themify_builder_content -->","protected":false},"excerpt":{"rendered":"","protected":false},"author":1,"featured_media":0,"parent":139,"menu_order":0,"comment_status":"closed","ping_status":"closed","template":"","meta":[],"builder_content":"","_links":{"self":[{"href":"https:\/\/jhcakes.com\/shop\/wp-json\/wp\/v2\/pages\/146"}],"collection":[{"href":"https:\/\/jhcakes.com\/shop\/wp-json\/wp\/v2\/pages"}],"about":[{"href":"https:\/\/jhcakes.com\/shop\/wp-json\/wp\/v2\/types\/page"}],"author":[{"embeddable":true,"href":"https:\/\/jhcakes.com\/shop\/wp-json\/wp\/v2\/users\/1"}],"replies":[{"embeddable":true,"href":"https:\/\/jhcakes.com\/shop\/wp-json\/wp\/v2\/comments?post=146"}],"version-history":[{"count":1,"href":"https:\/\/jhcakes.com\/shop\/wp-json\/wp\/v2\/pages\/146\/revisions"}],"predecessor-version":[{"id":8741,"href":"https:\/\/jhcakes.com\/shop\/wp-json\/wp\/v2\/pages\/146\/revisions\/8741"}],"up":[{"embeddable":true,"href":"https:\/\/jhcakes.com\/shop\/wp-json\/wp\/v2\/pages\/139"}],"wp:attachment":[{"href":"https:\/\/jhcakes.com\/shop\/wp-json\/wp\/v2\/media?parent=146"}],"curies":[{"name":"wp","href":"https:\/\/api.w.org\/{rel}","templated":true}]}}