{"id":139,"date":"2012-02-27T06:50:25","date_gmt":"2012-02-27T05:50:25","guid":{"rendered":"http:\/\/themify.me\/demo\/themes\/wp-content\/uploads\/image-placeholder.jpg"},"modified":"2019-11-14T08:55:58","modified_gmt":"2019-11-14T07:55:58","slug":"kapcsolat","status":"publish","type":"page","link":"https:\/\/jhcakes.com\/shop\/kapcsolat\/","title":{"rendered":"Kapcsolat"},"content":{"rendered":"<h4><strong>Hellebrandt Judit Torta St\u00fadi\u00f3 Kft.<\/strong><\/h4>\n<h4><strong>Levelez\u00e9si\u00a0C\u00edm\u00fcnk:<\/strong><\/h4>\n<p>1103 Budapest Kada utca 43. 3.L. 2\/5.<\/p>\n<p><strong>Mobil telefonsz\u00e1munk:<\/strong><\/p>\n<p>+36-06-30-259-7757<\/p>\n<p><strong>Email C\u00edm\u00fcnk:<\/strong><\/p>\n<p>judit@jhcakes.com<\/p>\n<div id=\"themify_builder_content-139\" data-postid=\"139\" class=\"themify_builder_content themify_builder_content-139 themify_builder\">\n    <\/div>\n<!-- \/themify_builder_content -->","protected":false},"excerpt":{"rendered":"<p>Hellebrandt Judit Torta St\u00fadi\u00f3 Kft. Levelez\u00e9si\u00a0C\u00edm\u00fcnk: 1103 Budapest Kada utca 43. 3.L. 2\/5. Mobil telefonsz\u00e1munk: +36-06-30-259-7757 Email C\u00edm\u00fcnk: judit@jhcakes.com<\/p>\n","protected":false},"author":1,"featured_media":0,"parent":0,"menu_order":0,"comment_status":"closed","ping_status":"closed","template":"","meta":[],"builder_content":"","_links":{"self":[{"href":"https:\/\/jhcakes.com\/shop\/wp-json\/wp\/v2\/pages\/139"}],"collection":[{"href":"https:\/\/jhcakes.com\/shop\/wp-json\/wp\/v2\/pages"}],"about":[{"href":"https:\/\/jhcakes.com\/shop\/wp-json\/wp\/v2\/types\/page"}],"author":[{"embeddable":true,"href":"https:\/\/jhcakes.com\/shop\/wp-json\/wp\/v2\/users\/1"}],"replies":[{"embeddable":true,"href":"https:\/\/jhcakes.com\/shop\/wp-json\/wp\/v2\/comments?post=139"}],"version-history":[{"count":2,"href":"https:\/\/jhcakes.com\/shop\/wp-json\/wp\/v2\/pages\/139\/revisions"}],"predecessor-version":[{"id":7747,"href":"https:\/\/jhcakes.com\/shop\/wp-json\/wp\/v2\/pages\/139\/revisions\/7747"}],"wp:attachment":[{"href":"https:\/\/jhcakes.com\/shop\/wp-json\/wp\/v2\/media?parent=139"}],"curies":[{"name":"wp","href":"https:\/\/api.w.org\/{rel}","templated":true}]}}